{"id":1475,"date":"2022-01-28T16:35:50","date_gmt":"2022-01-28T16:35:50","guid":{"rendered":"https:\/\/ledomaine-nice.com\/declaration-de-confidentialite\/"},"modified":"2024-06-22T14:18:03","modified_gmt":"2024-06-22T14:18:03","slug":"declaration-de-confidentialite","status":"publish","type":"page","link":"https:\/\/ledomaine-nice.com\/fr\/declaration-de-confidentialite\/","title":{"rendered":"D\u00e9claration de confidentialit\u00e9"},"content":{"rendered":"\n<p><strong>Note g\u00e9n\u00e9rale et informations obligatoires<\/strong><\/p>\n\n<p><strong>D\u00e9signation de l&rsquo;entit\u00e9 responsable<\/strong><\/p>\n\n<p>Le responsable du traitement des donn\u00e9es sur ce site est :<\/p>\n\n<p>Le Domaine de Gatti\u00e8res<br\/>Berthold Becker<br\/>271 Chemin du Claus<br\/>06510 Gatti\u00e8res<\/p>\n\n<p>Le responsable d\u00e9cide, seul ou conjointement avec d&rsquo;autres, des finalit\u00e9s et des moyens du traitement des donn\u00e9es \u00e0 caract\u00e8re personnel (p. ex. noms, coordonn\u00e9es ou autres).<\/p>\n\n<p><strong>R\u00e9vocation de votre consentement au traitement des donn\u00e9es<\/strong><\/p>\n\n<p>Certaines op\u00e9rations de traitement des donn\u00e9es ne sont possibles qu&rsquo;avec votre consentement explicite. Il est possible de r\u00e9voquer \u00e0 tout moment le consentement que vous avez d\u00e9j\u00e0 donn\u00e9. Pour se r\u00e9tracter, il suffit d&rsquo;envoyer un message informel par e-mail. La l\u00e9galit\u00e9 du traitement des donn\u00e9es effectu\u00e9 jusqu&rsquo;\u00e0 la r\u00e9vocation n&rsquo;est pas affect\u00e9e par la r\u00e9vocation.<\/p>\n\n<p><strong>Droit de recours aupr\u00e8s de l&rsquo;autorit\u00e9 de contr\u00f4le comp\u00e9tente<\/strong><\/p>\n\n<p>En tant que personne concern\u00e9e, vous disposez d&rsquo;un droit de recours aupr\u00e8s de l&rsquo;autorit\u00e9 de surveillance comp\u00e9tente en cas de violation de la l\u00e9gislation sur la protection des donn\u00e9es. L&rsquo;autorit\u00e9 de surveillance comp\u00e9tente pour les questions relatives \u00e0 la protection des donn\u00e9es est le responsable de la protection des donn\u00e9es du Land dans lequel se trouve le si\u00e8ge de notre entreprise. Le lien suivant fournit une liste des d\u00e9l\u00e9gu\u00e9s \u00e0 la protection des donn\u00e9es et leurs coordonn\u00e9es <a href=\"https:\/\/www.bfdi.bund.de\/DE\/Infothek\/Anschriften_Links\/anschriften_links-node.html\" target=\"_blank\" rel=\"noreferrer noopener\">: https:\/\/www.bfdi.bund.de\/DE\/Infothek\/Anschriften_Links\/anschriften_links-node.html.<\/a><\/p>\n\n<p><strong>Droit \u00e0 la portabilit\u00e9 des donn\u00e9es<\/strong><\/p>\n\n<p>Vous avez le droit de vous faire remettre ou de faire remettre \u00e0 un tiers les donn\u00e9es que nous traitons de mani\u00e8re automatis\u00e9e sur la base de votre consentement ou en ex\u00e9cution d&rsquo;un contrat. La mise \u00e0 disposition se fait dans un format lisible par une machine. Si vous demandez le transfert direct des donn\u00e9es \u00e0 un autre responsable, cela ne se fera que dans la mesure o\u00f9 cela est techniquement possible.<\/p>\n\n<p><strong>Droit d&rsquo;acc\u00e8s, de rectification, de blocage, d&rsquo;effacement<\/strong><\/p>\n\n<p>Dans le cadre des dispositions l\u00e9gales en vigueur, vous avez \u00e0 tout moment le droit d&rsquo;obtenir gratuitement des informations sur vos donn\u00e9es personnelles enregistr\u00e9es, l&rsquo;origine des donn\u00e9es, leurs destinataires et la finalit\u00e9 du traitement des donn\u00e9es et, le cas \u00e9ch\u00e9ant, un droit de rectification, de blocage ou de suppression de ces donn\u00e9es. \u00c0 ce sujet et pour toute autre question relative aux donn\u00e9es personnelles, vous pouvez nous contacter \u00e0 tout moment en utilisant les coordonn\u00e9es indiqu\u00e9es dans les mentions l\u00e9gales.<\/p>\n\n<p><strong>Chiffrement SSL ou TLS<\/strong><\/p>\n\n<p>Pour des raisons de s\u00e9curit\u00e9 et afin de prot\u00e9ger la transmission de contenus confidentiels que vous nous envoyez en tant qu&rsquo;exploitant du site, notre site Internet utilise un protocole SSL ou une technologie de cryptage. Chiffrement TLS. Ainsi, les donn\u00e9es que vous transmettez via ce site web ne sont pas lisibles par des tiers. Vous pouvez reconna\u00eetre une connexion crypt\u00e9e \u00e0 la barre d&rsquo;adresse \u00ab\u00a0https:\/\/\u00a0\u00bb de votre navigateur et au symbole du cadenas dans la barre du navigateur.<\/p>\n\n<p><strong>Fichiers journaux du serveur<\/strong><\/p>\n\n<p>Dans les fichiers journaux du serveur, le fournisseur du site web collecte et enregistre automatiquement les informations que votre navigateur nous transmet automatiquement. Il s&rsquo;agit de<\/p>\n\n<ul class=\"wp-block-list\"><li>Page visit\u00e9e sur notre domaine<\/li><li>la date et l&rsquo;heure de la demande du serveur<\/li><li>Type et version du navigateur<\/li><li>Syst\u00e8me d&rsquo;exploitation utilis\u00e9<\/li><li>URL de r\u00e9f\u00e9rence<\/li><li>Nom d&rsquo;h\u00f4te de l&rsquo;ordinateur qui acc\u00e8de au site<\/li><li>Adresse IP<\/li><\/ul>\n\n<p>Il n&rsquo;y a pas de recoupement de ces donn\u00e9es avec d&rsquo;autres sources de donn\u00e9es. Le traitement des donn\u00e9es se fonde sur l&rsquo;article 6, paragraphe 1, de la loi sur la protection des donn\u00e9es. 1 lit. b du RGPD, qui autorise le traitement des donn\u00e9es pour l&rsquo;ex\u00e9cution d&rsquo;un contrat ou de mesures pr\u00e9contractuelles.<\/p>\n\n<p><strong>Formulaire de contact<\/strong><\/p>\n\n<p>Les donn\u00e9es transmises par le biais du formulaire de contact sont enregistr\u00e9es, y compris vos coordonn\u00e9es, afin de pouvoir traiter votre demande ou de r\u00e9pondre \u00e0 des questions de suivi. Ces donn\u00e9es ne seront pas transmises sans votre consentement.<\/p>\n\n<p>Le traitement des donn\u00e9es saisies dans le formulaire de contact se fait exclusivement sur la base de votre consentement (article 6, paragraphe 1, point a) du RGPD). Il est possible de r\u00e9voquer \u00e0 tout moment le consentement que vous avez d\u00e9j\u00e0 donn\u00e9. Pour se r\u00e9tracter, il suffit d&rsquo;envoyer un message informel par e-mail. La l\u00e9galit\u00e9 des op\u00e9rations de traitement des donn\u00e9es effectu\u00e9es jusqu&rsquo;\u00e0 la r\u00e9vocation n&rsquo;est pas affect\u00e9e par la r\u00e9vocation.<\/p>\n\n<p>Les donn\u00e9es transmises via le formulaire de contact restent chez nous jusqu&rsquo;\u00e0 ce que vous nous demandiez de les supprimer, que vous r\u00e9voquiez votre consentement \u00e0 leur stockage ou qu&rsquo;il ne soit plus n\u00e9cessaire de les conserver. Les dispositions l\u00e9gales contraignantes &#8211; en particulier les d\u00e9lais de conservation &#8211; ne sont pas affect\u00e9es.<\/p>\n\n<p><strong>Google Web Fonts<\/strong><\/p>\n\n<p>Notre site web utilise des polices web de Google. Le fournisseur est Google Inc., 1600 Amphitheatre Parkway, Mountain View, CA 94043, \u00c9tats-Unis.<\/p>\n\n<p>L&rsquo;utilisation de ces polices Web permet de vous pr\u00e9senter notre site Web comme nous le souhaitons, quelles que soient les polices dont vous disposez localement. Pour ce faire, Google r\u00e9cup\u00e8re les polices web sur un serveur de Google aux \u00c9tats-Unis et transmet ainsi vos donn\u00e9es \u00e0 Google. Il s&rsquo;agit de votre adresse IP et de la page que vous avez visit\u00e9e sur notre site. L&rsquo;utilisation de Google Web Fonts est bas\u00e9e sur l&rsquo;article 6, paragraphe 1, de la loi sur la protection des donn\u00e9es. 1 lit. f du RGPD. En tant qu&rsquo;exploitant de ce site web, nous avons un int\u00e9r\u00eat l\u00e9gitime \u00e0 optimiser la pr\u00e9sentation et la transmission de notre pr\u00e9sence sur le web.<\/p>\n\n<p>L&rsquo;entreprise Google est certifi\u00e9e par l&rsquo;accord europ\u00e9en sur la protection des donn\u00e9es \u00ab\u00a0Privacy Shield\u00a0\u00bb. Cette convention sur la protection des donn\u00e9es vise \u00e0 garantir le respect du niveau de protection des donn\u00e9es en vigueur dans l&rsquo;UE.<\/p>\n\n<p>Pour plus de d\u00e9tails sur Google Web Fonts, consultez le site <a href=\"https:\/\/www.google.com\/fonts#AboutPlace:about\">https:\/\/www.google.com\/fonts#AboutPlace:about<\/a> et pour plus d&rsquo;informations, consultez les r\u00e8gles de confidentialit\u00e9 de Google <a href=\"https:\/\/policies.google.com\/privacy\/partners?hl=de\">: https:\/\/policies.google.com\/privacy\/partners?hl=de<\/a><\/p>\n\n<p>Ic\u00f4nes r\u00e9alis\u00e9es par <a href=\"https:\/\/www.flaticon.com\/authors\/good-ware\">Good Ware<\/a> from <a href=\"https:\/\/www.flaticon.com\/\">www.flaticon.com<\/a> is licensed by <a href=\"http:\/\/creativecommons.org\/licenses\/by\/3.0\/\" target=\"_blank\" rel=\"noreferrer noopener\">CC 3.0 BY<\/a><\/p>\n","protected":false},"excerpt":{"rendered":"<p>Note g\u00e9n\u00e9rale et informations obligatoires D\u00e9signation de l&rsquo;entit\u00e9 responsable Le responsable du traitement des donn\u00e9es sur ce site est : Le Domaine de Gatti\u00e8resBerthold Becker271 Chemin du Claus06510 Gatti\u00e8res Le responsable d\u00e9cide, seul ou conjointement avec d&rsquo;autres, des finalit\u00e9s et des moyens du traitement des donn\u00e9es \u00e0 caract\u00e8re personnel (p. ex. noms, coordonn\u00e9es ou autres). [&hellip;]<\/p>\n","protected":false},"author":1,"featured_media":0,"parent":0,"menu_order":0,"comment_status":"closed","ping_status":"open","template":"","meta":{"site-sidebar-layout":"default","site-content-layout":"","ast-site-content-layout":"default","site-content-style":"default","site-sidebar-style":"default","ast-global-header-display":"","ast-banner-title-visibility":"","ast-main-header-display":"","ast-hfb-above-header-display":"","ast-hfb-below-header-display":"","ast-hfb-mobile-header-display":"","site-post-title":"","ast-breadcrumbs-content":"","ast-featured-img":"","footer-sml-layout":"","ast-disable-related-posts":"","theme-transparent-header-meta":"","adv-header-id-meta":"","stick-header-meta":"","header-above-stick-meta":"","header-main-stick-meta":"","header-below-stick-meta":"","astra-migrate-meta-layouts":"default","ast-page-background-enabled":"default","ast-page-background-meta":{"desktop":{"background-color":"","background-image":"","background-repeat":"repeat","background-position":"center center","background-size":"auto","background-attachment":"scroll","background-type":"","background-media":"","overlay-type":"","overlay-color":"","overlay-opacity":"","overlay-gradient":""},"tablet":{"background-color":"","background-image":"","background-repeat":"repeat","background-position":"center center","background-size":"auto","background-attachment":"scroll","background-type":"","background-media":"","overlay-type":"","overlay-color":"","overlay-opacity":"","overlay-gradient":""},"mobile":{"background-color":"","background-image":"","background-repeat":"repeat","background-position":"center center","background-size":"auto","background-attachment":"scroll","background-type":"","background-media":"","overlay-type":"","overlay-color":"","overlay-opacity":"","overlay-gradient":""}},"ast-content-background-meta":{"desktop":{"background-color":"var(--ast-global-color-5)","background-image":"","background-repeat":"repeat","background-position":"center center","background-size":"auto","background-attachment":"scroll","background-type":"","background-media":"","overlay-type":"","overlay-color":"","overlay-opacity":"","overlay-gradient":""},"tablet":{"background-color":"var(--ast-global-color-5)","background-image":"","background-repeat":"repeat","background-position":"center center","background-size":"auto","background-attachment":"scroll","background-type":"","background-media":"","overlay-type":"","overlay-color":"","overlay-opacity":"","overlay-gradient":""},"mobile":{"background-color":"var(--ast-global-color-5)","background-image":"","background-repeat":"repeat","background-position":"center center","background-size":"auto","background-attachment":"scroll","background-type":"","background-media":"","overlay-type":"","overlay-color":"","overlay-opacity":"","overlay-gradient":""}},"pgc_sgb_lightbox_settings":"","footnotes":""},"class_list":["post-1475","page","type-page","status-publish","hentry"],"_links":{"self":[{"href":"https:\/\/ledomaine-nice.com\/fr\/wp-json\/wp\/v2\/pages\/1475","targetHints":{"allow":["GET"]}}],"collection":[{"href":"https:\/\/ledomaine-nice.com\/fr\/wp-json\/wp\/v2\/pages"}],"about":[{"href":"https:\/\/ledomaine-nice.com\/fr\/wp-json\/wp\/v2\/types\/page"}],"author":[{"embeddable":true,"href":"https:\/\/ledomaine-nice.com\/fr\/wp-json\/wp\/v2\/users\/1"}],"replies":[{"embeddable":true,"href":"https:\/\/ledomaine-nice.com\/fr\/wp-json\/wp\/v2\/comments?post=1475"}],"version-history":[{"count":2,"href":"https:\/\/ledomaine-nice.com\/fr\/wp-json\/wp\/v2\/pages\/1475\/revisions"}],"predecessor-version":[{"id":1487,"href":"https:\/\/ledomaine-nice.com\/fr\/wp-json\/wp\/v2\/pages\/1475\/revisions\/1487"}],"wp:attachment":[{"href":"https:\/\/ledomaine-nice.com\/fr\/wp-json\/wp\/v2\/media?parent=1475"}],"curies":[{"name":"wp","href":"https:\/\/api.w.org\/{rel}","templated":true}]}}